{"id":38,"date":"2025-03-17T08:54:17","date_gmt":"2025-03-17T08:54:17","guid":{"rendered":"https:\/\/goofy-brahmagupta.87-118-72-18.plesk.page\/?page_id=38"},"modified":"2025-10-09T13:43:10","modified_gmt":"2025-10-09T13:43:10","slug":"uber-mich","status":"publish","type":"page","link":"https:\/\/goofy-brahmagupta.87-118-72-18.plesk.page\/?page_id=38","title":{"rendered":"\u00dcber mich"},"content":{"rendered":"\t\t<div data-elementor-type=\"wp-page\" data-elementor-id=\"38\" class=\"elementor elementor-38\" data-elementor-post-type=\"page\">\n\t\t\t\t<div class=\"wd-negative-gap elementor-element elementor-element-5c7da5ac wd-section-stretch e-flex e-con-boxed e-con e-parent\" data-id=\"5c7da5ac\" data-element_type=\"container\" data-settings=\"{&quot;background_background&quot;:&quot;classic&quot;}\">\n\t\t\t\t\t<div class=\"e-con-inner\">\n\t\t\t\t<div class=\"elementor-element elementor-element-14560d12 elementor-widget elementor-widget-heading\" data-id=\"14560d12\" data-element_type=\"widget\" data-widget_type=\"heading.default\">\n\t\t\t\t<div class=\"elementor-widget-container\">\n\t\t\t\t\t<h1 class=\"elementor-heading-title elementor-size-default\">\u00dcBER MICH<\/h1>\t\t\t\t<\/div>\n\t\t\t\t<\/div>\n\t\t\t\t\t<\/div>\n\t\t\t\t<\/div>\n\t\t<div class=\"wd-negative-gap elementor-element elementor-element-56dac6a0 wd-section-stretch e-flex e-con-boxed e-con e-parent\" data-id=\"56dac6a0\" data-element_type=\"container\">\n\t\t\t\t\t<div class=\"e-con-inner\">\n\t\t<div class=\"elementor-element elementor-element-5eb40db e-con-full e-flex e-con e-child\" data-id=\"5eb40db\" data-element_type=\"container\">\n\t\t<div class=\"elementor-element elementor-element-7c7460e1 e-con-full e-flex e-con e-child\" data-id=\"7c7460e1\" data-element_type=\"container\">\n\t\t\t\t<div class=\"elementor-element elementor-element-5f833273 elementor-widget elementor-widget-heading\" data-id=\"5f833273\" data-element_type=\"widget\" data-widget_type=\"heading.default\">\n\t\t\t\t<div class=\"elementor-widget-container\">\n\t\t\t\t\t<h2 class=\"elementor-heading-title elementor-size-default\"> \ud83e\udea1Was ich mache<\/h2>\t\t\t\t<\/div>\n\t\t\t\t<\/div>\n\t\t\t\t<div class=\"elementor-element elementor-element-37ff2494 color-scheme-inherit text-left elementor-widget elementor-widget-text-editor\" data-id=\"37ff2494\" data-element_type=\"widget\" data-widget_type=\"text-editor.default\">\n\t\t\t\t<div class=\"elementor-widget-container\">\n\t\t\t\t\t\t\t\t\t<p class=\"\" data-start=\"664\" data-end=\"920\">Seit \u00fcber 12 Jahren begleite ich Menschen dabei, ihre Kreativit\u00e4t mit Nadel und Faden zu entdecken. Als ausgebildete Damenma\u00dfschneiderin habe ich fr\u00fch meine Leidenschaft f\u00fcrs N\u00e4hen zum Beruf gemacht \u2013 heute gebe ich dieses Wissen in meinen Kursen weiter. Neu entdeckt habe ich meine Leidenschaft zum Patchworken und Quilten.<\/p>\n<p data-start=\"1260\" data-end=\"1359\">Ob Du zum ersten Mal an der N\u00e4hmaschine sitzt oder schon eigene Projekte verwirklichst \u2013 bei mir findest Du eine ruhige, herzliche Atmosph\u00e4re, um Neues zu lernen, Spa\u00df zu haben und Deine Ideen umzusetzen. In meinem kleinen Atelier in Wandlitz findest Du alles, was Du brauchst: Stoffe, Maschinen und vor allem \u2013 Inspiration.<\/p>\n<p class=\"\" data-start=\"1260\" data-end=\"1359\">Ich freue mich darauf, Dich kennenzulernen \u2013 und gemeinsam mit Dir etwas Wundersch\u00f6nes zu schaffen!<\/p>\n\t\t\t\t\t\t\t\t<\/div>\n\t\t\t\t<\/div>\n\t\t\t\t<\/div>\n\t\t\t\t<div class=\"elementor-element elementor-element-e40961c elementor-widget__width-initial elementor-widget-tablet__width-inherit elementor-widget elementor-widget-image\" data-id=\"e40961c\" data-element_type=\"widget\" data-widget_type=\"image.default\">\n\t\t\t\t<div class=\"elementor-widget-container\">\n\t\t\t\t\t\t\t\t\t\t\t\t\t\t\t<img fetchpriority=\"high\" decoding=\"async\" width=\"1617\" height=\"1574\" src=\"https:\/\/goofy-brahmagupta.87-118-72-18.plesk.page\/wp-content\/uploads\/2026\/03\/IMG_4407-scaled-e1773997538216.jpeg\" class=\"attachment-full size-full wp-image-1835\" alt=\"\" srcset=\"https:\/\/goofy-brahmagupta.87-118-72-18.plesk.page\/wp-content\/uploads\/2026\/03\/IMG_4407-scaled-e1773997538216.jpeg 1617w, https:\/\/goofy-brahmagupta.87-118-72-18.plesk.page\/wp-content\/uploads\/2026\/03\/IMG_4407-scaled-e1773997538216-300x292.jpeg 300w, https:\/\/goofy-brahmagupta.87-118-72-18.plesk.page\/wp-content\/uploads\/2026\/03\/IMG_4407-scaled-e1773997538216-1024x997.jpeg 1024w, https:\/\/goofy-brahmagupta.87-118-72-18.plesk.page\/wp-content\/uploads\/2026\/03\/IMG_4407-scaled-e1773997538216-768x748.jpeg 768w, https:\/\/goofy-brahmagupta.87-118-72-18.plesk.page\/wp-content\/uploads\/2026\/03\/IMG_4407-scaled-e1773997538216-1536x1495.jpeg 1536w, https:\/\/goofy-brahmagupta.87-118-72-18.plesk.page\/wp-content\/uploads\/2026\/03\/IMG_4407-scaled-e1773997538216-600x584.jpeg 600w, https:\/\/goofy-brahmagupta.87-118-72-18.plesk.page\/wp-content\/uploads\/2026\/03\/IMG_4407-scaled-e1773997538216-150x146.jpeg 150w\" sizes=\"(max-width: 1617px) 100vw, 1617px\" \/>\t\t\t\t\t\t\t\t\t\t\t\t\t\t\t<\/div>\n\t\t\t\t<\/div>\n\t\t\t\t<\/div>\n\t\t\t\t\t<\/div>\n\t\t\t\t<\/div>\n\t\t<div class=\"wd-negative-gap elementor-element elementor-element-4f49185 wd-section-stretch e-flex e-con-boxed e-con e-parent\" data-id=\"4f49185\" data-element_type=\"container\" data-settings=\"{&quot;background_background&quot;:&quot;classic&quot;}\">\n\t\t\t\t\t<div class=\"e-con-inner\">\n\t\t<div class=\"elementor-element elementor-element-310b434d e-con-full e-flex e-con e-child\" data-id=\"310b434d\" data-element_type=\"container\">\n\t\t<div class=\"elementor-element elementor-element-14efe64a e-con-full e-flex e-con e-child\" data-id=\"14efe64a\" data-element_type=\"container\">\n\t\t\t\t<div class=\"elementor-element elementor-element-5c1981f8 elementor-widget elementor-widget-heading\" data-id=\"5c1981f8\" data-element_type=\"widget\" data-widget_type=\"heading.default\">\n\t\t\t\t<div class=\"elementor-widget-container\">\n\t\t\t\t\t<h4 class=\"elementor-heading-title elementor-size-default\">Events<\/h4>\t\t\t\t<\/div>\n\t\t\t\t<\/div>\n\t\t\t\t<div class=\"elementor-element elementor-element-3202a867 elementor-widget elementor-widget-heading\" data-id=\"3202a867\" data-element_type=\"widget\" data-widget_type=\"heading.default\">\n\t\t\t\t<div class=\"elementor-widget-container\">\n\t\t\t\t\t<h2 class=\"elementor-heading-title elementor-size-default\">Entdecke meine kreativen Events &amp; N\u00e4h-Treffen<\/h2>\t\t\t\t<\/div>\n\t\t\t\t<\/div>\n\t\t\t\t<div class=\"elementor-element elementor-element-6f76aafd color-scheme-inherit text-left elementor-widget elementor-widget-text-editor\" data-id=\"6f76aafd\" data-element_type=\"widget\" data-widget_type=\"text-editor.default\">\n\t\t\t\t<div class=\"elementor-widget-container\">\n\t\t\t\t\t\t\t\t\t<p class=\"\" data-start=\"539\" data-end=\"777\">Du willst noch tiefer in die Welt des N\u00e4hens eintauchen? Dann schau Dir meine Events an! Ich organisiere regelm\u00e4\u00dfig kreative Workshops, Themenabende und kleine N\u00e4h-Treffen \u2013 perfekt, um Neues zu lernen und nette Menschen kennenzulernen.<\/p>\n<p class=\"\" data-start=\"784\" data-end=\"948\">Ob Anf\u00e4nger oder Fortgeschrittene \u2013 bei meinen Veranstaltungen geht es nicht nur ums N\u00e4hen, sondern auch ums gemeinsame Erleben. Ich freue mich, wenn Du dabei bist!<\/p>\n\t\t\t\t\t\t\t\t<\/div>\n\t\t\t\t<\/div>\n\t\t\t\t<div class=\"elementor-element elementor-element-9e5f431 elementor-align-justify elementor-widget__width-initial e-transform e-transform elementor-widget elementor-widget-button\" data-id=\"9e5f431\" data-element_type=\"widget\" data-settings=\"{&quot;_transform_scale_effect_hover&quot;:{&quot;unit&quot;:&quot;px&quot;,&quot;size&quot;:1.05,&quot;sizes&quot;:[]},&quot;_transform_scale_effect&quot;:{&quot;unit&quot;:&quot;px&quot;,&quot;size&quot;:&quot;&quot;,&quot;sizes&quot;:[]},&quot;_transform_scale_effect_widescreen&quot;:{&quot;unit&quot;:&quot;px&quot;,&quot;size&quot;:&quot;&quot;,&quot;sizes&quot;:[]},&quot;_transform_scale_effect_laptop&quot;:{&quot;unit&quot;:&quot;px&quot;,&quot;size&quot;:&quot;&quot;,&quot;sizes&quot;:[]},&quot;_transform_scale_effect_tablet&quot;:{&quot;unit&quot;:&quot;px&quot;,&quot;size&quot;:&quot;&quot;,&quot;sizes&quot;:[]},&quot;_transform_scale_effect_mobile&quot;:{&quot;unit&quot;:&quot;px&quot;,&quot;size&quot;:&quot;&quot;,&quot;sizes&quot;:[]},&quot;_transform_scale_effect_hover_widescreen&quot;:{&quot;unit&quot;:&quot;px&quot;,&quot;size&quot;:&quot;&quot;,&quot;sizes&quot;:[]},&quot;_transform_scale_effect_hover_laptop&quot;:{&quot;unit&quot;:&quot;px&quot;,&quot;size&quot;:&quot;&quot;,&quot;sizes&quot;:[]},&quot;_transform_scale_effect_hover_tablet&quot;:{&quot;unit&quot;:&quot;px&quot;,&quot;size&quot;:&quot;&quot;,&quot;sizes&quot;:[]},&quot;_transform_scale_effect_hover_mobile&quot;:{&quot;unit&quot;:&quot;px&quot;,&quot;size&quot;:&quot;&quot;,&quot;sizes&quot;:[]}}\" data-widget_type=\"button.default\">\n\t\t\t\t<div class=\"elementor-widget-container\">\n\t\t\t\t\t\t\t\t\t<div class=\"elementor-button-wrapper\">\n\t\t\t\t\t<a class=\"elementor-button elementor-button-link elementor-size-sm\" href=\"https:\/\/goofy-brahmagupta.87-118-72-18.plesk.page\/?page_id=39\">\n\t\t\t\t\t\t<span class=\"elementor-button-content-wrapper\">\n\t\t\t\t\t\t\t\t\t<span class=\"elementor-button-text\">Zu den Events<\/span>\n\t\t\t\t\t<\/span>\n\t\t\t\t\t<\/a>\n\t\t\t\t<\/div>\n\t\t\t\t\t\t\t\t<\/div>\n\t\t\t\t<\/div>\n\t\t\t\t<\/div>\n\t\t\t\t<div class=\"elementor-element elementor-element-44de189b elementor-widget__width-initial elementor-widget-tablet__width-inherit elementor-widget elementor-widget-image\" data-id=\"44de189b\" data-element_type=\"widget\" data-widget_type=\"image.default\">\n\t\t\t\t<div class=\"elementor-widget-container\">\n\t\t\t\t\t\t\t\t\t\t\t\t\t\t\t<img decoding=\"async\" width=\"1600\" height=\"1200\" src=\"https:\/\/goofy-brahmagupta.87-118-72-18.plesk.page\/wp-content\/uploads\/2026\/03\/IMG_6847.jpeg\" class=\"attachment-full size-full wp-image-1863\" alt=\"\" srcset=\"https:\/\/goofy-brahmagupta.87-118-72-18.plesk.page\/wp-content\/uploads\/2026\/03\/IMG_6847.jpeg 1600w, https:\/\/goofy-brahmagupta.87-118-72-18.plesk.page\/wp-content\/uploads\/2026\/03\/IMG_6847-300x225.jpeg 300w, https:\/\/goofy-brahmagupta.87-118-72-18.plesk.page\/wp-content\/uploads\/2026\/03\/IMG_6847-1024x768.jpeg 1024w, https:\/\/goofy-brahmagupta.87-118-72-18.plesk.page\/wp-content\/uploads\/2026\/03\/IMG_6847-768x576.jpeg 768w, https:\/\/goofy-brahmagupta.87-118-72-18.plesk.page\/wp-content\/uploads\/2026\/03\/IMG_6847-1536x1152.jpeg 1536w, https:\/\/goofy-brahmagupta.87-118-72-18.plesk.page\/wp-content\/uploads\/2026\/03\/IMG_6847-600x450.jpeg 600w, https:\/\/goofy-brahmagupta.87-118-72-18.plesk.page\/wp-content\/uploads\/2026\/03\/IMG_6847-150x113.jpeg 150w\" sizes=\"(max-width: 1600px) 100vw, 1600px\" \/>\t\t\t\t\t\t\t\t\t\t\t\t\t\t\t<\/div>\n\t\t\t\t<\/div>\n\t\t\t\t<\/div>\n\t\t\t\t\t<\/div>\n\t\t\t\t<\/div>\n\t\t<div class=\"elementor-element elementor-element-66cc1831 e-con-full e-flex e-con e-child\" data-id=\"66cc1831\" data-element_type=\"container\">\n\t\t\t\t<div class=\"elementor-element elementor-element-43f57370 elementor-widget__width-initial elementor-widget-tablet__width-inherit elementor-widget elementor-widget-google_maps\" data-id=\"43f57370\" data-element_type=\"widget\" data-widget_type=\"google_maps.default\">\n\t\t\t\t<div class=\"elementor-widget-container\">\n\t\t\t\t\t\t\t<div class=\"elementor-custom-embed\">\n\t\t\t<iframe loading=\"lazy\"\n\t\t\t\t\tsrc=\"https:\/\/maps.google.com\/maps?q=Lange%20Str.%2029a%2C%2016348%20Wandlitz%20OT%20Basdorf&#038;t=m&#038;z=10&#038;output=embed&#038;iwloc=near\"\n\t\t\t\t\ttitle=\"Lange Str. 29a, 16348 Wandlitz OT Basdorf\"\n\t\t\t\t\taria-label=\"Lange Str. 29a, 16348 Wandlitz OT Basdorf\"\n\t\t\t><\/iframe>\n\t\t<\/div>\n\t\t\t\t\t\t<\/div>\n\t\t\t\t<\/div>\n\t\t<div class=\"elementor-element elementor-element-6d7ead89 e-con-full e-flex e-con e-child\" data-id=\"6d7ead89\" data-element_type=\"container\" data-settings=\"{&quot;background_background&quot;:&quot;classic&quot;}\">\n\t\t\t\t<div class=\"elementor-element elementor-element-4d449c50 elementor-widget elementor-widget-heading\" data-id=\"4d449c50\" data-element_type=\"widget\" data-widget_type=\"heading.default\">\n\t\t\t\t<div class=\"elementor-widget-container\">\n\t\t\t\t\t<h4 class=\"elementor-heading-title elementor-size-default\">Kontakt<\/h4>\t\t\t\t<\/div>\n\t\t\t\t<\/div>\n\t\t\t\t<div class=\"elementor-element elementor-element-433d825a elementor-widget elementor-widget-heading\" data-id=\"433d825a\" data-element_type=\"widget\" data-widget_type=\"heading.default\">\n\t\t\t\t<div class=\"elementor-widget-container\">\n\t\t\t\t\t<h2 class=\"elementor-heading-title elementor-size-default\">Kontakt Aufnehmen<\/h2>\t\t\t\t<\/div>\n\t\t\t\t<\/div>\n\t\t\t\t<div class=\"elementor-element elementor-element-66489098 elementor-widget-divider--view-line elementor-widget elementor-widget-divider\" data-id=\"66489098\" data-element_type=\"widget\" data-widget_type=\"divider.default\">\n\t\t\t\t<div class=\"elementor-widget-container\">\n\t\t\t\t\t\t\t<div class=\"elementor-divider\">\n\t\t\t<span class=\"elementor-divider-separator\">\n\t\t\t\t\t\t<\/span>\n\t\t<\/div>\n\t\t\t\t\t\t<\/div>\n\t\t\t\t<\/div>\n\t\t\t\t<div class=\"elementor-element elementor-element-262188f4 elementor-button-align-start elementor-widget elementor-widget-form\" data-id=\"262188f4\" data-element_type=\"widget\" data-settings=\"{&quot;step_next_label&quot;:&quot;Next&quot;,&quot;step_previous_label&quot;:&quot;Previous&quot;,&quot;button_width&quot;:&quot;100&quot;,&quot;step_type&quot;:&quot;number_text&quot;,&quot;step_icon_shape&quot;:&quot;circle&quot;}\" data-widget_type=\"form.default\">\n\t\t\t\t<div class=\"elementor-widget-container\">\n\t\t\t\t\t\t\t<form class=\"elementor-form\" method=\"post\" name=\"New Form\" aria-label=\"New Form\">\n\t\t\t<input type=\"hidden\" name=\"post_id\" value=\"38\"\/>\n\t\t\t<input type=\"hidden\" name=\"form_id\" value=\"262188f4\"\/>\n\t\t\t<input type=\"hidden\" name=\"referer_title\" value=\"Fadengeist\" \/>\n\n\t\t\t\n\t\t\t<div class=\"elementor-form-fields-wrapper elementor-labels-above\">\n\t\t\t\t\t\t\t\t<div class=\"elementor-field-type-text elementor-field-group elementor-column elementor-field-group-name elementor-col-50\">\n\t\t\t\t\t\t\t\t\t\t\t\t<label for=\"form-field-name\" class=\"elementor-field-label\">\n\t\t\t\t\t\t\t\tVorname\t\t\t\t\t\t\t<\/label>\n\t\t\t\t\t\t\t\t\t\t\t\t\t\t<input size=\"1\" type=\"text\" name=\"form_fields[name]\" id=\"form-field-name\" class=\"elementor-field elementor-size-md  elementor-field-textual\" placeholder=\"Vorname\">\n\t\t\t\t\t\t\t\t\t\t\t<\/div>\n\t\t\t\t\t\t\t\t<div class=\"elementor-field-type-text elementor-field-group elementor-column elementor-field-group-field_8859598 elementor-col-50\">\n\t\t\t\t\t\t\t\t\t\t\t\t<label for=\"form-field-field_8859598\" class=\"elementor-field-label\">\n\t\t\t\t\t\t\t\tNachname\t\t\t\t\t\t\t<\/label>\n\t\t\t\t\t\t\t\t\t\t\t\t\t\t<input size=\"1\" type=\"text\" name=\"form_fields[field_8859598]\" id=\"form-field-field_8859598\" class=\"elementor-field elementor-size-md  elementor-field-textual\" placeholder=\"Nachname\">\n\t\t\t\t\t\t\t\t\t\t\t<\/div>\n\t\t\t\t\t\t\t\t<div class=\"elementor-field-type-email elementor-field-group elementor-column elementor-field-group-email elementor-col-50 elementor-field-required\">\n\t\t\t\t\t\t\t\t\t\t\t\t<label for=\"form-field-email\" class=\"elementor-field-label\">\n\t\t\t\t\t\t\t\tE-Mail\t\t\t\t\t\t\t<\/label>\n\t\t\t\t\t\t\t\t\t\t\t\t\t\t<input size=\"1\" type=\"email\" name=\"form_fields[email]\" id=\"form-field-email\" class=\"elementor-field elementor-size-md  elementor-field-textual\" placeholder=\"E-Mail Addresse\" required=\"required\">\n\t\t\t\t\t\t\t\t\t\t\t<\/div>\n\t\t\t\t\t\t\t\t<div class=\"elementor-field-type-tel elementor-field-group elementor-column elementor-field-group-field_0061936 elementor-col-50\">\n\t\t\t\t\t\t\t\t\t\t\t\t<label for=\"form-field-field_0061936\" class=\"elementor-field-label\">\n\t\t\t\t\t\t\t\tTelefon\t\t\t\t\t\t\t<\/label>\n\t\t\t\t\t\t\t\t<input size=\"1\" type=\"tel\" name=\"form_fields[field_0061936]\" id=\"form-field-field_0061936\" class=\"elementor-field elementor-size-md  elementor-field-textual\" placeholder=\"Telefonnummer\" pattern=\"[0-9()#&amp;+*-=.]+\" title=\"Nur Nummern oder Telefon-Zeichen (#, -, *, etc) werden akzeptiert.\">\n\n\t\t\t\t\t\t<\/div>\n\t\t\t\t\t\t\t\t<div class=\"elementor-field-type-textarea elementor-field-group elementor-column elementor-field-group-message elementor-col-100\">\n\t\t\t\t\t\t\t\t\t\t\t\t<label for=\"form-field-message\" class=\"elementor-field-label\">\n\t\t\t\t\t\t\t\tNachricht\t\t\t\t\t\t\t<\/label>\n\t\t\t\t\t\t<textarea class=\"elementor-field-textual elementor-field  elementor-size-md\" name=\"form_fields[message]\" id=\"form-field-message\" rows=\"2\" placeholder=\"Nachricht\"><\/textarea>\t\t\t\t<\/div>\n\t\t\t\t\t\t\t\t<div class=\"elementor-field-group elementor-column elementor-field-type-submit elementor-col-100 e-form__buttons\">\n\t\t\t\t\t<button class=\"elementor-button elementor-size-md\" type=\"submit\">\n\t\t\t\t\t\t<span class=\"elementor-button-content-wrapper\">\n\t\t\t\t\t\t\t\t\t\t\t\t\t\t\t\t\t\t\t\t\t\t<span class=\"elementor-button-text\">Nachricht senden<\/span>\n\t\t\t\t\t\t\t\t\t\t\t\t\t<\/span>\n\t\t\t\t\t<\/button>\n\t\t\t\t<\/div>\n\t\t\t<\/div>\n\t\t<\/form>\n\t\t\t\t\t\t<\/div>\n\t\t\t\t<\/div>\n\t\t\t\t<\/div>\n\t\t\t\t<\/div>\n\t\t\t\t<\/div>\n\t\t","protected":false},"excerpt":{"rendered":"","protected":false},"author":1,"featured_media":0,"parent":0,"menu_order":0,"comment_status":"closed","ping_status":"closed","template":"elementor_header_footer","meta":{"_acf_changed":false,"footnotes":""},"class_list":["post-38","page","type-page","status-publish","hentry"],"acf":[],"_links":{"self":[{"href":"https:\/\/goofy-brahmagupta.87-118-72-18.plesk.page\/index.php?rest_route=\/wp\/v2\/pages\/38","targetHints":{"allow":["GET"]}}],"collection":[{"href":"https:\/\/goofy-brahmagupta.87-118-72-18.plesk.page\/index.php?rest_route=\/wp\/v2\/pages"}],"about":[{"href":"https:\/\/goofy-brahmagupta.87-118-72-18.plesk.page\/index.php?rest_route=\/wp\/v2\/types\/page"}],"author":[{"embeddable":true,"href":"https:\/\/goofy-brahmagupta.87-118-72-18.plesk.page\/index.php?rest_route=\/wp\/v2\/users\/1"}],"replies":[{"embeddable":true,"href":"https:\/\/goofy-brahmagupta.87-118-72-18.plesk.page\/index.php?rest_route=%2Fwp%2Fv2%2Fcomments&post=38"}],"version-history":[{"count":121,"href":"https:\/\/goofy-brahmagupta.87-118-72-18.plesk.page\/index.php?rest_route=\/wp\/v2\/pages\/38\/revisions"}],"predecessor-version":[{"id":1748,"href":"https:\/\/goofy-brahmagupta.87-118-72-18.plesk.page\/index.php?rest_route=\/wp\/v2\/pages\/38\/revisions\/1748"}],"wp:attachment":[{"href":"https:\/\/goofy-brahmagupta.87-118-72-18.plesk.page\/index.php?rest_route=%2Fwp%2Fv2%2Fmedia&parent=38"}],"curies":[{"name":"wp","href":"https:\/\/api.w.org\/{rel}","templated":true}]}}